{"id":83,"date":"2024-01-15T15:36:58","date_gmt":"2024-01-15T14:36:58","guid":{"rendered":"https:\/\/nusica.fr\/?page_id=83"},"modified":"2024-01-27T13:02:25","modified_gmt":"2024-01-27T12:02:25","slug":"notre-offre","status":"publish","type":"page","link":"https:\/\/nusica.fr\/index.php\/notre-offre\/","title":{"rendered":"Offre"},"content":{"rendered":"\t\t<div data-elementor-type=\"wp-page\" data-elementor-id=\"83\" class=\"elementor elementor-83\">\n\t\t\t\t\t\t\t<div class=\"elementor-element elementor-element-890df40 e-flex e-con-boxed e-con e-parent\" data-id=\"890df40\" data-element_type=\"container\" data-settings=\"{&quot;content_width&quot;:&quot;boxed&quot;}\" data-core-v316-plus=\"true\">\n\t\t\t\t\t<div class=\"e-con-inner\">\n\t\t<div class=\"elementor-element elementor-element-f841143 e-con-full e-flex e-con e-child\" data-id=\"f841143\" data-element_type=\"container\" data-settings=\"{&quot;content_width&quot;:&quot;full&quot;}\">\n\t\t\t\t<div class=\"elementor-element elementor-element-51e22e5 elementor-invisible elementor-widget elementor-widget-heading\" data-id=\"51e22e5\" data-element_type=\"widget\" data-settings=\"{&quot;_animation&quot;:&quot;fadeInUp&quot;}\" data-widget_type=\"heading.default\">\n\t\t\t\t<div class=\"elementor-widget-container\">\n\t\t\t<style>\/*! elementor - v3.18.0 - 20-12-2023 *\/\n.elementor-heading-title{padding:0;margin:0;line-height:1}.elementor-widget-heading .elementor-heading-title[class*=elementor-size-]>a{color:inherit;font-size:inherit;line-height:inherit}.elementor-widget-heading .elementor-heading-title.elementor-size-small{font-size:15px}.elementor-widget-heading .elementor-heading-title.elementor-size-medium{font-size:19px}.elementor-widget-heading .elementor-heading-title.elementor-size-large{font-size:29px}.elementor-widget-heading .elementor-heading-title.elementor-size-xl{font-size:39px}.elementor-widget-heading .elementor-heading-title.elementor-size-xxl{font-size:59px}<\/style><h2 class=\"elementor-heading-title elementor-size-default\">Une offre \u00e9conomique unique contenant:<\/h2>\t\t<\/div>\n\t\t\t\t<\/div>\n\t\t\t\t<div class=\"elementor-element elementor-element-99cb696 elementor-widget__width-initial elementor-invisible elementor-widget elementor-widget-text-editor\" data-id=\"99cb696\" data-element_type=\"widget\" data-settings=\"{&quot;_animation&quot;:&quot;fadeInUp&quot;}\" data-widget_type=\"text-editor.default\">\n\t\t\t\t<div class=\"elementor-widget-container\">\n\t\t\t<style>\/*! elementor - v3.18.0 - 20-12-2023 *\/\n.elementor-widget-text-editor.elementor-drop-cap-view-stacked .elementor-drop-cap{background-color:#69727d;color:#fff}.elementor-widget-text-editor.elementor-drop-cap-view-framed .elementor-drop-cap{color:#69727d;border:3px solid;background-color:transparent}.elementor-widget-text-editor:not(.elementor-drop-cap-view-default) .elementor-drop-cap{margin-top:8px}.elementor-widget-text-editor:not(.elementor-drop-cap-view-default) .elementor-drop-cap-letter{width:1em;height:1em}.elementor-widget-text-editor .elementor-drop-cap{float:left;text-align:center;line-height:1;font-size:50px}.elementor-widget-text-editor .elementor-drop-cap-letter{display:inline-block}<\/style>\t\t\t\t<ol><li>Une <strong>intervention<\/strong> sur site d\u2019une journ\u00e9e o\u00f9:<ul><li>nous vous formons au march\u00e9 et aux enjeux des EMS en g\u00e9n\u00e9ral<\/li><li>vous nous pr\u00e9sentez votre projet<\/li><li>nous travaillons ensemble vos crit\u00e8res de choix pour qu\u2019ils soient pertinents<\/li><li>nous vous recommandons des \u00e9diteurs adapt\u00e9s \u00e0 vos besoins<\/li><li>nous faisons la revue en profondeur des applications \u00e9diteurs recommand\u00e9es et nous les \u00e9valuons<\/li><\/ul><\/li><li>Des <strong>livrables<\/strong>:<ul><li>la grille d\u2019\u00e9valuation des logiciels et les crit\u00e8res de choix<\/li><li>les fiches d\u2019\u00e9valuation de <strong>tous<\/strong> les \u00e9diteurs et les contacts<\/li><\/ul><\/li><\/ol>\t\t\t\t\t\t<\/div>\n\t\t\t\t<\/div>\n\t\t\t\t<div class=\"elementor-element elementor-element-c3df876 elementor-invisible elementor-widget elementor-widget-heading\" data-id=\"c3df876\" data-element_type=\"widget\" data-settings=\"{&quot;_animation&quot;:&quot;fadeInUp&quot;}\" data-widget_type=\"heading.default\">\n\t\t\t\t<div class=\"elementor-widget-container\">\n\t\t\t<h6 class=\"elementor-heading-title elementor-size-default\">L'\u00e9tude de march\u00e9 r\u00e9alis\u00e9e par Nusica concerne les EMS utilis\u00e9s dans l'Industrie<\/h6>\t\t<\/div>\n\t\t\t\t<\/div>\n\t\t\t\t<\/div>\n\t\t<div class=\"elementor-element elementor-element-f97f931 e-con-full e-flex e-con e-child\" data-id=\"f97f931\" data-element_type=\"container\" data-settings=\"{&quot;content_width&quot;:&quot;full&quot;}\">\n\t\t\t\t<div class=\"elementor-element elementor-element-33ed2d7 elementor-widget elementor-widget-image\" data-id=\"33ed2d7\" data-element_type=\"widget\" data-widget_type=\"image.default\">\n\t\t\t\t<div class=\"elementor-widget-container\">\n\t\t\t<style>\/*! elementor - v3.18.0 - 20-12-2023 *\/\n.elementor-widget-image{text-align:center}.elementor-widget-image a{display:inline-block}.elementor-widget-image a img[src$=\".svg\"]{width:48px}.elementor-widget-image img{vertical-align:middle;display:inline-block}<\/style>\t\t\t\t\t\t\t\t\t\t\t\t<img fetchpriority=\"high\" decoding=\"async\" width=\"1024\" height=\"853\" src=\"https:\/\/nusica.fr\/wp-content\/uploads\/2024\/01\/vecteezy_flat-isometric-concept-illustration-target-data-analysis_6202295-1-1024x853.jpg\" class=\"attachment-large size-large wp-image-310\" alt=\"\" srcset=\"https:\/\/nusica.fr\/wp-content\/uploads\/2024\/01\/vecteezy_flat-isometric-concept-illustration-target-data-analysis_6202295-1-1024x853.jpg 1024w, https:\/\/nusica.fr\/wp-content\/uploads\/2024\/01\/vecteezy_flat-isometric-concept-illustration-target-data-analysis_6202295-1-300x250.jpg 300w, https:\/\/nusica.fr\/wp-content\/uploads\/2024\/01\/vecteezy_flat-isometric-concept-illustration-target-data-analysis_6202295-1-768x640.jpg 768w, https:\/\/nusica.fr\/wp-content\/uploads\/2024\/01\/vecteezy_flat-isometric-concept-illustration-target-data-analysis_6202295-1-1536x1280.jpg 1536w, https:\/\/nusica.fr\/wp-content\/uploads\/2024\/01\/vecteezy_flat-isometric-concept-illustration-target-data-analysis_6202295-1.jpg 1920w\" sizes=\"(max-width: 1024px) 100vw, 1024px\" \/>\t\t\t\t\t\t\t\t\t\t\t\t\t\t\t<\/div>\n\t\t\t\t<\/div>\n\t\t\t\t<div class=\"elementor-element elementor-element-b96b96d elementor-widget elementor-widget-image\" data-id=\"b96b96d\" data-element_type=\"widget\" data-widget_type=\"image.default\">\n\t\t\t\t<div class=\"elementor-widget-container\">\n\t\t\t\t\t\t\t\t\t\t\t\t\t\t\t<img decoding=\"async\" width=\"386\" height=\"334\" src=\"https:\/\/nusica.fr\/wp-content\/uploads\/2024\/01\/Capture-decran-2024-01-16-a-19.52.45.png\" class=\"attachment-large size-large wp-image-695\" alt=\"\" srcset=\"https:\/\/nusica.fr\/wp-content\/uploads\/2024\/01\/Capture-decran-2024-01-16-a-19.52.45.png 386w, https:\/\/nusica.fr\/wp-content\/uploads\/2024\/01\/Capture-decran-2024-01-16-a-19.52.45-300x260.png 300w\" sizes=\"(max-width: 386px) 100vw, 386px\" \/>\t\t\t\t\t\t\t\t\t\t\t\t\t\t\t<\/div>\n\t\t\t\t<\/div>\n\t\t\t\t<\/div>\n\t\t\t\t\t<\/div>\n\t\t\t\t<\/div>\n\t\t<div class=\"elementor-element elementor-element-648127b e-flex e-con-boxed e-con e-parent\" data-id=\"648127b\" data-element_type=\"container\" data-settings=\"{&quot;content_width&quot;:&quot;boxed&quot;}\" data-core-v316-plus=\"true\">\n\t\t\t\t\t<div class=\"e-con-inner\">\n\t\t\t\t<div class=\"elementor-element elementor-element-46cf4e4 elementor-widget-divider--view-line elementor-invisible elementor-widget elementor-widget-divider\" data-id=\"46cf4e4\" data-element_type=\"widget\" data-settings=\"{&quot;_animation&quot;:&quot;fadeInUp&quot;}\" data-widget_type=\"divider.default\">\n\t\t\t\t<div class=\"elementor-widget-container\">\n\t\t\t<style>\/*! elementor - v3.18.0 - 20-12-2023 *\/\n.elementor-widget-divider{--divider-border-style:none;--divider-border-width:1px;--divider-color:#0c0d0e;--divider-icon-size:20px;--divider-element-spacing:10px;--divider-pattern-height:24px;--divider-pattern-size:20px;--divider-pattern-url:none;--divider-pattern-repeat:repeat-x}.elementor-widget-divider .elementor-divider{display:flex}.elementor-widget-divider .elementor-divider__text{font-size:15px;line-height:1;max-width:95%}.elementor-widget-divider .elementor-divider__element{margin:0 var(--divider-element-spacing);flex-shrink:0}.elementor-widget-divider .elementor-icon{font-size:var(--divider-icon-size)}.elementor-widget-divider .elementor-divider-separator{display:flex;margin:0;direction:ltr}.elementor-widget-divider--view-line_icon .elementor-divider-separator,.elementor-widget-divider--view-line_text .elementor-divider-separator{align-items:center}.elementor-widget-divider--view-line_icon .elementor-divider-separator:after,.elementor-widget-divider--view-line_icon .elementor-divider-separator:before,.elementor-widget-divider--view-line_text .elementor-divider-separator:after,.elementor-widget-divider--view-line_text .elementor-divider-separator:before{display:block;content:\"\";border-bottom:0;flex-grow:1;border-top:var(--divider-border-width) var(--divider-border-style) var(--divider-color)}.elementor-widget-divider--element-align-left .elementor-divider .elementor-divider-separator>.elementor-divider__svg:first-of-type{flex-grow:0;flex-shrink:100}.elementor-widget-divider--element-align-left .elementor-divider-separator:before{content:none}.elementor-widget-divider--element-align-left .elementor-divider__element{margin-left:0}.elementor-widget-divider--element-align-right .elementor-divider .elementor-divider-separator>.elementor-divider__svg:last-of-type{flex-grow:0;flex-shrink:100}.elementor-widget-divider--element-align-right .elementor-divider-separator:after{content:none}.elementor-widget-divider--element-align-right .elementor-divider__element{margin-right:0}.elementor-widget-divider:not(.elementor-widget-divider--view-line_text):not(.elementor-widget-divider--view-line_icon) .elementor-divider-separator{border-top:var(--divider-border-width) var(--divider-border-style) var(--divider-color)}.elementor-widget-divider--separator-type-pattern{--divider-border-style:none}.elementor-widget-divider--separator-type-pattern.elementor-widget-divider--view-line .elementor-divider-separator,.elementor-widget-divider--separator-type-pattern:not(.elementor-widget-divider--view-line) .elementor-divider-separator:after,.elementor-widget-divider--separator-type-pattern:not(.elementor-widget-divider--view-line) .elementor-divider-separator:before,.elementor-widget-divider--separator-type-pattern:not([class*=elementor-widget-divider--view]) .elementor-divider-separator{width:100%;min-height:var(--divider-pattern-height);-webkit-mask-size:var(--divider-pattern-size) 100%;mask-size:var(--divider-pattern-size) 100%;-webkit-mask-repeat:var(--divider-pattern-repeat);mask-repeat:var(--divider-pattern-repeat);background-color:var(--divider-color);-webkit-mask-image:var(--divider-pattern-url);mask-image:var(--divider-pattern-url)}.elementor-widget-divider--no-spacing{--divider-pattern-size:auto}.elementor-widget-divider--bg-round{--divider-pattern-repeat:round}.rtl .elementor-widget-divider .elementor-divider__text{direction:rtl}.e-con-inner>.elementor-widget-divider,.e-con>.elementor-widget-divider{width:var(--container-widget-width,100%);--flex-grow:var(--container-widget-flex-grow)}<\/style>\t\t<div class=\"elementor-divider\">\n\t\t\t<span class=\"elementor-divider-separator\">\n\t\t\t\t\t\t<\/span>\n\t\t<\/div>\n\t\t\t\t<\/div>\n\t\t\t\t<\/div>\n\t\t\t\t\t<\/div>\n\t\t\t\t<\/div>\n\t\t<div class=\"elementor-element elementor-element-8008953 e-flex e-con-boxed e-con e-parent\" data-id=\"8008953\" data-element_type=\"container\" data-settings=\"{&quot;content_width&quot;:&quot;boxed&quot;}\" data-core-v316-plus=\"true\">\n\t\t\t\t\t<div class=\"e-con-inner\">\n\t\t<div class=\"elementor-element elementor-element-eba24df e-con-full e-flex e-con e-child\" data-id=\"eba24df\" data-element_type=\"container\" data-settings=\"{&quot;content_width&quot;:&quot;full&quot;}\">\n\t\t\t\t<div class=\"elementor-element elementor-element-d556e6e elementor-widget elementor-widget-image\" data-id=\"d556e6e\" data-element_type=\"widget\" data-widget_type=\"image.default\">\n\t\t\t\t<div class=\"elementor-widget-container\">\n\t\t\t\t\t\t\t\t\t\t\t\t\t\t\t<img decoding=\"async\" width=\"1024\" height=\"612\" src=\"https:\/\/nusica.fr\/wp-content\/uploads\/2024\/01\/Capture-decran-2024-01-16-a-13.12.44-1024x612.png\" class=\"attachment-large size-large wp-image-322\" alt=\"\" srcset=\"https:\/\/nusica.fr\/wp-content\/uploads\/2024\/01\/Capture-decran-2024-01-16-a-13.12.44-1024x612.png 1024w, https:\/\/nusica.fr\/wp-content\/uploads\/2024\/01\/Capture-decran-2024-01-16-a-13.12.44-300x179.png 300w, https:\/\/nusica.fr\/wp-content\/uploads\/2024\/01\/Capture-decran-2024-01-16-a-13.12.44-768x459.png 768w, https:\/\/nusica.fr\/wp-content\/uploads\/2024\/01\/Capture-decran-2024-01-16-a-13.12.44.png 1242w\" sizes=\"(max-width: 1024px) 100vw, 1024px\" \/>\t\t\t\t\t\t\t\t\t\t\t\t\t\t\t<\/div>\n\t\t\t\t<\/div>\n\t\t\t\t<\/div>\n\t\t<div class=\"elementor-element elementor-element-f68a1d3 e-con-full e-flex e-con e-child\" data-id=\"f68a1d3\" data-element_type=\"container\" data-settings=\"{&quot;content_width&quot;:&quot;full&quot;}\">\n\t\t\t\t<div class=\"elementor-element elementor-element-b0be62a elementor-invisible elementor-widget elementor-widget-heading\" data-id=\"b0be62a\" data-element_type=\"widget\" data-settings=\"{&quot;_animation&quot;:&quot;fadeInUp&quot;}\" data-widget_type=\"heading.default\">\n\t\t\t\t<div class=\"elementor-widget-container\">\n\t\t\t<h2 class=\"elementor-heading-title elementor-size-default\">Les fiches d'\u00e9valuation<\/h2>\t\t<\/div>\n\t\t\t\t<\/div>\n\t\t\t\t<div class=\"elementor-element elementor-element-4c49767 elementor-invisible elementor-widget elementor-widget-text-editor\" data-id=\"4c49767\" data-element_type=\"widget\" data-settings=\"{&quot;_animation&quot;:&quot;fadeInUp&quot;}\" data-widget_type=\"text-editor.default\">\n\t\t\t\t<div class=\"elementor-widget-container\">\n\t\t\t\t\t\t\t<ul><li>Chaque fiche est constitu\u00e9e d\u2019environ 20 slides avec:<ul><li>une section d\u00e9di\u00e9e \u00e0 l&#8217;\u00e9diteur, son histoire, son c\u0153ur de m\u00e9tier, ses effectifs, sa sant\u00e9 financi\u00e8re, son approche et sa strat\u00e9gie<\/li><li>l\u2019\u00e9valuation exhaustive des fonctionnalit\u00e9s de l\u2019outil en r\u00e9ponse \u00e0 la norme SM\u00e9 ISO 50001<\/li><li>un zoom sur l\u2019ergonomie (screenshots) et l\u2019autonomie des users (d\u00e9pendance au param\u00e9trage et \u00e0 la configuration vis-\u00e0-vis de l\u2019\u00e9diteur)<\/li><li>une section d\u00e9di\u00e9e \u00e0 l\u2019infrastructure, la cybers\u00e9curit\u00e9, la connectivit\u00e9 aux capteurs, SCADA<\/li><li>une synth\u00e8se des Retours d\u2019EXp\u00e9rience (REX) fait avec des Responsables Energie utilisateurs du logiciel au quotidien<\/li><li>la liste des principaux clients utilisant le logiciel dans votre secteur d&#8217;activit\u00e9<\/li><\/ul><\/li><li>Chaque \u00e9valuation se veut exacte, pragmatique et op\u00e9rationnelle<\/li><li>Chaque fiche a fait l\u2019objet d\u2019une <strong>revue<\/strong> et d\u2019une <strong>validation<\/strong> de la part des <strong>\u00e9diteurs<\/strong> ce qui garantit la <strong>qualit\u00e9<\/strong> des informations<\/li><\/ul>\t\t\t\t\t\t<\/div>\n\t\t\t\t<\/div>\n\t\t\t\t<div class=\"elementor-element elementor-element-ef288c7 elementor-invisible elementor-widget elementor-widget-heading\" data-id=\"ef288c7\" data-element_type=\"widget\" data-settings=\"{&quot;_animation&quot;:&quot;fadeInUp&quot;}\" data-widget_type=\"heading.default\">\n\t\t\t\t<div class=\"elementor-widget-container\">\n\t\t\t<h6 class=\"elementor-heading-title elementor-size-default\">Nusica est totalement ind\u00e9pendant et n\u2019a sign\u00e9 aucun partenariat avec quelque \u00e9diteur que ce soit<\/h6>\t\t<\/div>\n\t\t\t\t<\/div>\n\t\t\t\t<\/div>\n\t\t\t\t\t<\/div>\n\t\t\t\t<\/div>\n\t\t\t\t\t\t\t<\/div>\n\t\t","protected":false},"excerpt":{"rendered":"<p>Une offre \u00e9conomique unique contenant: Une intervention sur site d\u2019une journ\u00e9e o\u00f9: nous vous formons au march\u00e9 et aux enjeux des EMS en g\u00e9n\u00e9ral vous nous pr\u00e9sentez votre projet nous travaillons ensemble vos crit\u00e8res de choix pour qu\u2019ils soient pertinents nous vous recommandons des \u00e9diteurs adapt\u00e9s \u00e0 vos besoins nous faisons la revue en profondeur [&hellip;]<\/p>\n","protected":false},"author":1,"featured_media":0,"parent":0,"menu_order":0,"comment_status":"closed","ping_status":"closed","template":"","meta":{"ocean_post_layout":"","ocean_both_sidebars_style":"","ocean_both_sidebars_content_width":0,"ocean_both_sidebars_sidebars_width":0,"ocean_sidebar":"","ocean_second_sidebar":"","ocean_disable_margins":"enable","ocean_add_body_class":"","ocean_shortcode_before_top_bar":"","ocean_shortcode_after_top_bar":"","ocean_shortcode_before_header":"","ocean_shortcode_after_header":"","ocean_has_shortcode":"","ocean_shortcode_after_title":"","ocean_shortcode_before_footer_widgets":"","ocean_shortcode_after_footer_widgets":"","ocean_shortcode_before_footer_bottom":"","ocean_shortcode_after_footer_bottom":"","ocean_display_top_bar":"off","ocean_display_header":"default","ocean_header_style":"","ocean_center_header_left_menu":"","ocean_custom_header_template":"","ocean_custom_logo":0,"ocean_custom_retina_logo":0,"ocean_custom_logo_max_width":0,"ocean_custom_logo_tablet_max_width":0,"ocean_custom_logo_mobile_max_width":0,"ocean_custom_logo_max_height":0,"ocean_custom_logo_tablet_max_height":0,"ocean_custom_logo_mobile_max_height":0,"ocean_header_custom_menu":"","ocean_menu_typo_font_family":"","ocean_menu_typo_font_subset":"","ocean_menu_typo_font_size":0,"ocean_menu_typo_font_size_tablet":0,"ocean_menu_typo_font_size_mobile":0,"ocean_menu_typo_font_size_unit":"px","ocean_menu_typo_font_weight":"","ocean_menu_typo_font_weight_tablet":"","ocean_menu_typo_font_weight_mobile":"","ocean_menu_typo_transform":"","ocean_menu_typo_transform_tablet":"","ocean_menu_typo_transform_mobile":"","ocean_menu_typo_line_height":0,"ocean_menu_typo_line_height_tablet":0,"ocean_menu_typo_line_height_mobile":0,"ocean_menu_typo_line_height_unit":"","ocean_menu_typo_spacing":0,"ocean_menu_typo_spacing_tablet":0,"ocean_menu_typo_spacing_mobile":0,"ocean_menu_typo_spacing_unit":"","ocean_menu_link_color":"","ocean_menu_link_color_hover":"","ocean_menu_link_color_active":"","ocean_menu_link_background":"","ocean_menu_link_hover_background":"","ocean_menu_link_active_background":"","ocean_menu_social_links_bg":"","ocean_menu_social_hover_links_bg":"","ocean_menu_social_links_color":"","ocean_menu_social_hover_links_color":"","ocean_disable_title":"on","ocean_disable_heading":"default","ocean_post_title":"","ocean_post_subheading":"","ocean_post_title_style":"","ocean_post_title_background_color":"","ocean_post_title_background":0,"ocean_post_title_bg_image_position":"","ocean_post_title_bg_image_attachment":"","ocean_post_title_bg_image_repeat":"","ocean_post_title_bg_image_size":"","ocean_post_title_height":0,"ocean_post_title_bg_overlay":0.5,"ocean_post_title_bg_overlay_color":"","ocean_disable_breadcrumbs":"default","ocean_breadcrumbs_color":"","ocean_breadcrumbs_separator_color":"","ocean_breadcrumbs_links_color":"","ocean_breadcrumbs_links_hover_color":"","ocean_display_footer_widgets":"default","ocean_display_footer_bottom":"default","ocean_custom_footer_template":"","footnotes":""},"class_list":["post-83","page","type-page","status-publish","hentry","entry"],"yoast_head":"<!-- This site is optimized with the Yoast SEO plugin v21.9.1 - https:\/\/yoast.com\/wordpress\/plugins\/seo\/ -->\n<title>Offre - Nusica<\/title>\n<meta name=\"robots\" content=\"index, follow, max-snippet:-1, max-image-preview:large, max-video-preview:-1\" \/>\n<link rel=\"canonical\" href=\"https:\/\/nusica.fr\/index.php\/notre-offre\/\" \/>\n<meta property=\"og:locale\" content=\"en_US\" \/>\n<meta property=\"og:type\" content=\"article\" \/>\n<meta property=\"og:title\" content=\"Offre - Nusica\" \/>\n<meta property=\"og:description\" content=\"Une offre \u00e9conomique unique contenant: Une intervention sur site d\u2019une journ\u00e9e o\u00f9: nous vous formons au march\u00e9 et aux enjeux des EMS en g\u00e9n\u00e9ral vous nous pr\u00e9sentez votre projet nous travaillons ensemble vos crit\u00e8res de choix pour qu\u2019ils soient pertinents nous vous recommandons des \u00e9diteurs adapt\u00e9s \u00e0 vos besoins nous faisons la revue en profondeur [&hellip;]\" \/>\n<meta property=\"og:url\" content=\"https:\/\/nusica.fr\/index.php\/notre-offre\/\" \/>\n<meta property=\"og:site_name\" content=\"Nusica\" \/>\n<meta property=\"article:modified_time\" content=\"2024-01-27T12:02:25+00:00\" \/>\n<meta property=\"og:image\" content=\"http:\/\/nusica.fr\/wp-content\/uploads\/2024\/01\/vecteezy_flat-isometric-concept-illustration-target-data-analysis_6202295-1-1024x853.jpg\" \/>\n<meta name=\"twitter:card\" content=\"summary_large_image\" \/>\n<meta name=\"twitter:label1\" content=\"Est. reading time\" \/>\n\t<meta name=\"twitter:data1\" content=\"2 minutes\" \/>\n<script type=\"application\/ld+json\" class=\"yoast-schema-graph\">{\"@context\":\"https:\/\/schema.org\",\"@graph\":[{\"@type\":\"WebPage\",\"@id\":\"https:\/\/nusica.fr\/index.php\/notre-offre\/\",\"url\":\"https:\/\/nusica.fr\/index.php\/notre-offre\/\",\"name\":\"Offre - Nusica\",\"isPartOf\":{\"@id\":\"https:\/\/nusica.fr\/#website\"},\"datePublished\":\"2024-01-15T14:36:58+00:00\",\"dateModified\":\"2024-01-27T12:02:25+00:00\",\"breadcrumb\":{\"@id\":\"https:\/\/nusica.fr\/index.php\/notre-offre\/#breadcrumb\"},\"inLanguage\":\"en-US\",\"potentialAction\":[{\"@type\":\"ReadAction\",\"target\":[\"https:\/\/nusica.fr\/index.php\/notre-offre\/\"]}]},{\"@type\":\"BreadcrumbList\",\"@id\":\"https:\/\/nusica.fr\/index.php\/notre-offre\/#breadcrumb\",\"itemListElement\":[{\"@type\":\"ListItem\",\"position\":1,\"name\":\"Accueil\",\"item\":\"https:\/\/nusica.fr\/\"},{\"@type\":\"ListItem\",\"position\":2,\"name\":\"Offre\"}]},{\"@type\":\"WebSite\",\"@id\":\"https:\/\/nusica.fr\/#website\",\"url\":\"https:\/\/nusica.fr\/\",\"name\":\"Nusica\",\"description\":\"Choisir son EMS\",\"publisher\":{\"@id\":\"https:\/\/nusica.fr\/#organization\"},\"potentialAction\":[{\"@type\":\"SearchAction\",\"target\":{\"@type\":\"EntryPoint\",\"urlTemplate\":\"https:\/\/nusica.fr\/?s={search_term_string}\"},\"query-input\":\"required name=search_term_string\"}],\"inLanguage\":\"en-US\"},{\"@type\":\"Organization\",\"@id\":\"https:\/\/nusica.fr\/#organization\",\"name\":\"Nusica\",\"url\":\"https:\/\/nusica.fr\/\",\"logo\":{\"@type\":\"ImageObject\",\"inLanguage\":\"en-US\",\"@id\":\"https:\/\/nusica.fr\/#\/schema\/logo\/image\/\",\"url\":\"https:\/\/nusica.fr\/wp-content\/uploads\/2024\/01\/cropped-logo-transparent-petit.png\",\"contentUrl\":\"https:\/\/nusica.fr\/wp-content\/uploads\/2024\/01\/cropped-logo-transparent-petit.png\",\"width\":144,\"height\":48,\"caption\":\"Nusica\"},\"image\":{\"@id\":\"https:\/\/nusica.fr\/#\/schema\/logo\/image\/\"}}]}<\/script>\n<!-- \/ Yoast SEO plugin. -->","yoast_head_json":{"title":"Offre - Nusica","robots":{"index":"index","follow":"follow","max-snippet":"max-snippet:-1","max-image-preview":"max-image-preview:large","max-video-preview":"max-video-preview:-1"},"canonical":"https:\/\/nusica.fr\/index.php\/notre-offre\/","og_locale":"en_US","og_type":"article","og_title":"Offre - Nusica","og_description":"Une offre \u00e9conomique unique contenant: Une intervention sur site d\u2019une journ\u00e9e o\u00f9: nous vous formons au march\u00e9 et aux enjeux des EMS en g\u00e9n\u00e9ral vous nous pr\u00e9sentez votre projet nous travaillons ensemble vos crit\u00e8res de choix pour qu\u2019ils soient pertinents nous vous recommandons des \u00e9diteurs adapt\u00e9s \u00e0 vos besoins nous faisons la revue en profondeur [&hellip;]","og_url":"https:\/\/nusica.fr\/index.php\/notre-offre\/","og_site_name":"Nusica","article_modified_time":"2024-01-27T12:02:25+00:00","og_image":[{"url":"http:\/\/nusica.fr\/wp-content\/uploads\/2024\/01\/vecteezy_flat-isometric-concept-illustration-target-data-analysis_6202295-1-1024x853.jpg"}],"twitter_card":"summary_large_image","twitter_misc":{"Est. reading time":"2 minutes"},"schema":{"@context":"https:\/\/schema.org","@graph":[{"@type":"WebPage","@id":"https:\/\/nusica.fr\/index.php\/notre-offre\/","url":"https:\/\/nusica.fr\/index.php\/notre-offre\/","name":"Offre - Nusica","isPartOf":{"@id":"https:\/\/nusica.fr\/#website"},"datePublished":"2024-01-15T14:36:58+00:00","dateModified":"2024-01-27T12:02:25+00:00","breadcrumb":{"@id":"https:\/\/nusica.fr\/index.php\/notre-offre\/#breadcrumb"},"inLanguage":"en-US","potentialAction":[{"@type":"ReadAction","target":["https:\/\/nusica.fr\/index.php\/notre-offre\/"]}]},{"@type":"BreadcrumbList","@id":"https:\/\/nusica.fr\/index.php\/notre-offre\/#breadcrumb","itemListElement":[{"@type":"ListItem","position":1,"name":"Accueil","item":"https:\/\/nusica.fr\/"},{"@type":"ListItem","position":2,"name":"Offre"}]},{"@type":"WebSite","@id":"https:\/\/nusica.fr\/#website","url":"https:\/\/nusica.fr\/","name":"Nusica","description":"Choisir son EMS","publisher":{"@id":"https:\/\/nusica.fr\/#organization"},"potentialAction":[{"@type":"SearchAction","target":{"@type":"EntryPoint","urlTemplate":"https:\/\/nusica.fr\/?s={search_term_string}"},"query-input":"required name=search_term_string"}],"inLanguage":"en-US"},{"@type":"Organization","@id":"https:\/\/nusica.fr\/#organization","name":"Nusica","url":"https:\/\/nusica.fr\/","logo":{"@type":"ImageObject","inLanguage":"en-US","@id":"https:\/\/nusica.fr\/#\/schema\/logo\/image\/","url":"https:\/\/nusica.fr\/wp-content\/uploads\/2024\/01\/cropped-logo-transparent-petit.png","contentUrl":"https:\/\/nusica.fr\/wp-content\/uploads\/2024\/01\/cropped-logo-transparent-petit.png","width":144,"height":48,"caption":"Nusica"},"image":{"@id":"https:\/\/nusica.fr\/#\/schema\/logo\/image\/"}}]}},"_links":{"self":[{"href":"https:\/\/nusica.fr\/index.php\/wp-json\/wp\/v2\/pages\/83","targetHints":{"allow":["GET"]}}],"collection":[{"href":"https:\/\/nusica.fr\/index.php\/wp-json\/wp\/v2\/pages"}],"about":[{"href":"https:\/\/nusica.fr\/index.php\/wp-json\/wp\/v2\/types\/page"}],"author":[{"embeddable":true,"href":"https:\/\/nusica.fr\/index.php\/wp-json\/wp\/v2\/users\/1"}],"replies":[{"embeddable":true,"href":"https:\/\/nusica.fr\/index.php\/wp-json\/wp\/v2\/comments?post=83"}],"version-history":[{"count":178,"href":"https:\/\/nusica.fr\/index.php\/wp-json\/wp\/v2\/pages\/83\/revisions"}],"predecessor-version":[{"id":785,"href":"https:\/\/nusica.fr\/index.php\/wp-json\/wp\/v2\/pages\/83\/revisions\/785"}],"wp:attachment":[{"href":"https:\/\/nusica.fr\/index.php\/wp-json\/wp\/v2\/media?parent=83"}],"curies":[{"name":"wp","href":"https:\/\/api.w.org\/{rel}","templated":true}]}}