{"id":85,"date":"2024-01-15T15:36:40","date_gmt":"2024-01-15T14:36:40","guid":{"rendered":"https:\/\/nusica.fr\/?page_id=85"},"modified":"2024-01-27T12:59:52","modified_gmt":"2024-01-27T11:59:52","slug":"les-enjeux","status":"publish","type":"page","link":"https:\/\/nusica.fr\/index.php\/les-enjeux\/","title":{"rendered":"D\u00e9marche"},"content":{"rendered":"\t\t<div data-elementor-type=\"wp-page\" data-elementor-id=\"85\" class=\"elementor elementor-85\">\n\t\t\t\t\t\t\t<div class=\"elementor-element elementor-element-12109b3 e-flex e-con-boxed e-con e-parent\" data-id=\"12109b3\" data-element_type=\"container\" data-settings=\"{&quot;content_width&quot;:&quot;boxed&quot;}\" data-core-v316-plus=\"true\">\n\t\t\t\t\t<div class=\"e-con-inner\">\n\t\t<div class=\"elementor-element elementor-element-2770486 e-con-full e-flex e-con e-child\" data-id=\"2770486\" data-element_type=\"container\" data-settings=\"{&quot;content_width&quot;:&quot;full&quot;}\">\n\t\t\t\t<div class=\"elementor-element elementor-element-8f30902 elementor-widget elementor-widget-heading\" data-id=\"8f30902\" data-element_type=\"widget\" data-widget_type=\"heading.default\">\n\t\t\t\t<div class=\"elementor-widget-container\">\n\t\t\t<style>\/*! elementor - v3.18.0 - 20-12-2023 *\/\n.elementor-heading-title{padding:0;margin:0;line-height:1}.elementor-widget-heading .elementor-heading-title[class*=elementor-size-]>a{color:inherit;font-size:inherit;line-height:inherit}.elementor-widget-heading .elementor-heading-title.elementor-size-small{font-size:15px}.elementor-widget-heading .elementor-heading-title.elementor-size-medium{font-size:19px}.elementor-widget-heading .elementor-heading-title.elementor-size-large{font-size:29px}.elementor-widget-heading .elementor-heading-title.elementor-size-xl{font-size:39px}.elementor-widget-heading .elementor-heading-title.elementor-size-xxl{font-size:59px}<\/style><h2 class=\"elementor-heading-title elementor-size-default\">Gagnez 2 \u00e0 4 mois dans votre appel d'offre logiciel et s\u00e9curisez votre choix<\/h2>\t\t<\/div>\n\t\t\t\t<\/div>\n\t\t\t\t<div class=\"elementor-element elementor-element-7b0d66a animated-slow elementor-invisible elementor-widget elementor-widget-text-editor\" data-id=\"7b0d66a\" data-element_type=\"widget\" data-settings=\"{&quot;_animation&quot;:&quot;fadeInLeft&quot;,&quot;_animation_delay&quot;:600}\" data-widget_type=\"text-editor.default\">\n\t\t\t\t<div class=\"elementor-widget-container\">\n\t\t\t<style>\/*! elementor - v3.18.0 - 20-12-2023 *\/\n.elementor-widget-text-editor.elementor-drop-cap-view-stacked .elementor-drop-cap{background-color:#69727d;color:#fff}.elementor-widget-text-editor.elementor-drop-cap-view-framed .elementor-drop-cap{color:#69727d;border:3px solid;background-color:transparent}.elementor-widget-text-editor:not(.elementor-drop-cap-view-default) .elementor-drop-cap{margin-top:8px}.elementor-widget-text-editor:not(.elementor-drop-cap-view-default) .elementor-drop-cap-letter{width:1em;height:1em}.elementor-widget-text-editor .elementor-drop-cap{float:left;text-align:center;line-height:1;font-size:50px}.elementor-widget-text-editor .elementor-drop-cap-letter{display:inline-block}<\/style>\t\t\t\t<ul><li><p>L\u2019installation d\u2019un logiciel de type EMS (Energy Monitoring System) est un incontournable pour suivre et <strong>ma\u00eetriser<\/strong> ses consommations \u00e9nerg\u00e9tiques<\/p><\/li><li><p>Le choix de son EMS est cl\u00e9. L\u2019objectif est de s\u00e9lectionner l\u2019EMS le mieux <strong>adapt\u00e9 \u00e0 son projet<\/strong> et de le maintenir en place dans la dur\u00e9e.<\/p><\/li><li><p>En cas d\u2019erreur, changer d\u2019EMS \u00e0 post\u00e9riori sera synonyme de temps et de co\u00fbts<\/p><\/li><li><p>Il est donc essentiel de <strong>s\u00e9curiser<\/strong> son choix<\/p><\/li><li><p>Le paysage applicatif est en pleine \u00e9volution. Il est <strong>complexe<\/strong> car comporte plus de 50 acteurs, \u00e9diteurs de solutions, qui poss\u00e8dent leurs propres caract\u00e9ristiques, avantages, et inconv\u00e9nients.<\/p><\/li><li><p>Il est difficile d\u2019y voir clair et de s\u2019y retrouver objectivement<\/p><\/li><\/ul>\t\t\t\t\t\t<\/div>\n\t\t\t\t<\/div>\n\t\t\t\t<\/div>\n\t\t<div class=\"elementor-element elementor-element-5402a6c e-con-full e-flex e-con e-child\" data-id=\"5402a6c\" data-element_type=\"container\" data-settings=\"{&quot;content_width&quot;:&quot;full&quot;}\">\n\t\t\t\t<div class=\"elementor-element elementor-element-eef30da elementor-widget elementor-widget-image\" data-id=\"eef30da\" data-element_type=\"widget\" data-widget_type=\"image.default\">\n\t\t\t\t<div class=\"elementor-widget-container\">\n\t\t\t<style>\/*! elementor - v3.18.0 - 20-12-2023 *\/\n.elementor-widget-image{text-align:center}.elementor-widget-image a{display:inline-block}.elementor-widget-image a img[src$=\".svg\"]{width:48px}.elementor-widget-image img{vertical-align:middle;display:inline-block}<\/style>\t\t\t\t\t\t\t\t\t\t\t\t<img fetchpriority=\"high\" decoding=\"async\" width=\"888\" height=\"672\" src=\"https:\/\/nusica.fr\/wp-content\/uploads\/2024\/01\/enjeux2-2.png\" class=\"attachment-large size-large wp-image-656\" alt=\"\" srcset=\"https:\/\/nusica.fr\/wp-content\/uploads\/2024\/01\/enjeux2-2.png 888w, https:\/\/nusica.fr\/wp-content\/uploads\/2024\/01\/enjeux2-2-300x227.png 300w, https:\/\/nusica.fr\/wp-content\/uploads\/2024\/01\/enjeux2-2-768x581.png 768w\" sizes=\"(max-width: 888px) 100vw, 888px\" \/>\t\t\t\t\t\t\t\t\t\t\t\t\t\t\t<\/div>\n\t\t\t\t<\/div>\n\t\t\t\t<\/div>\n\t\t\t\t\t<\/div>\n\t\t\t\t<\/div>\n\t\t<div class=\"elementor-element elementor-element-2a8d174 e-flex e-con-boxed e-con e-parent\" data-id=\"2a8d174\" data-element_type=\"container\" data-settings=\"{&quot;content_width&quot;:&quot;boxed&quot;}\" data-core-v316-plus=\"true\">\n\t\t\t\t\t<div class=\"e-con-inner\">\n\t\t\t\t<div class=\"elementor-element elementor-element-b3ae829 elementor-widget-divider--view-line elementor-widget elementor-widget-divider\" data-id=\"b3ae829\" data-element_type=\"widget\" data-widget_type=\"divider.default\">\n\t\t\t\t<div class=\"elementor-widget-container\">\n\t\t\t<style>\/*! elementor - v3.18.0 - 20-12-2023 *\/\n.elementor-widget-divider{--divider-border-style:none;--divider-border-width:1px;--divider-color:#0c0d0e;--divider-icon-size:20px;--divider-element-spacing:10px;--divider-pattern-height:24px;--divider-pattern-size:20px;--divider-pattern-url:none;--divider-pattern-repeat:repeat-x}.elementor-widget-divider .elementor-divider{display:flex}.elementor-widget-divider .elementor-divider__text{font-size:15px;line-height:1;max-width:95%}.elementor-widget-divider .elementor-divider__element{margin:0 var(--divider-element-spacing);flex-shrink:0}.elementor-widget-divider .elementor-icon{font-size:var(--divider-icon-size)}.elementor-widget-divider .elementor-divider-separator{display:flex;margin:0;direction:ltr}.elementor-widget-divider--view-line_icon .elementor-divider-separator,.elementor-widget-divider--view-line_text .elementor-divider-separator{align-items:center}.elementor-widget-divider--view-line_icon .elementor-divider-separator:after,.elementor-widget-divider--view-line_icon .elementor-divider-separator:before,.elementor-widget-divider--view-line_text .elementor-divider-separator:after,.elementor-widget-divider--view-line_text .elementor-divider-separator:before{display:block;content:\"\";border-bottom:0;flex-grow:1;border-top:var(--divider-border-width) var(--divider-border-style) var(--divider-color)}.elementor-widget-divider--element-align-left .elementor-divider .elementor-divider-separator>.elementor-divider__svg:first-of-type{flex-grow:0;flex-shrink:100}.elementor-widget-divider--element-align-left .elementor-divider-separator:before{content:none}.elementor-widget-divider--element-align-left .elementor-divider__element{margin-left:0}.elementor-widget-divider--element-align-right .elementor-divider .elementor-divider-separator>.elementor-divider__svg:last-of-type{flex-grow:0;flex-shrink:100}.elementor-widget-divider--element-align-right .elementor-divider-separator:after{content:none}.elementor-widget-divider--element-align-right .elementor-divider__element{margin-right:0}.elementor-widget-divider:not(.elementor-widget-divider--view-line_text):not(.elementor-widget-divider--view-line_icon) .elementor-divider-separator{border-top:var(--divider-border-width) var(--divider-border-style) var(--divider-color)}.elementor-widget-divider--separator-type-pattern{--divider-border-style:none}.elementor-widget-divider--separator-type-pattern.elementor-widget-divider--view-line .elementor-divider-separator,.elementor-widget-divider--separator-type-pattern:not(.elementor-widget-divider--view-line) .elementor-divider-separator:after,.elementor-widget-divider--separator-type-pattern:not(.elementor-widget-divider--view-line) .elementor-divider-separator:before,.elementor-widget-divider--separator-type-pattern:not([class*=elementor-widget-divider--view]) .elementor-divider-separator{width:100%;min-height:var(--divider-pattern-height);-webkit-mask-size:var(--divider-pattern-size) 100%;mask-size:var(--divider-pattern-size) 100%;-webkit-mask-repeat:var(--divider-pattern-repeat);mask-repeat:var(--divider-pattern-repeat);background-color:var(--divider-color);-webkit-mask-image:var(--divider-pattern-url);mask-image:var(--divider-pattern-url)}.elementor-widget-divider--no-spacing{--divider-pattern-size:auto}.elementor-widget-divider--bg-round{--divider-pattern-repeat:round}.rtl .elementor-widget-divider .elementor-divider__text{direction:rtl}.e-con-inner>.elementor-widget-divider,.e-con>.elementor-widget-divider{width:var(--container-widget-width,100%);--flex-grow:var(--container-widget-flex-grow)}<\/style>\t\t<div class=\"elementor-divider\">\n\t\t\t<span class=\"elementor-divider-separator\">\n\t\t\t\t\t\t<\/span>\n\t\t<\/div>\n\t\t\t\t<\/div>\n\t\t\t\t<\/div>\n\t\t\t\t\t<\/div>\n\t\t\t\t<\/div>\n\t\t<div class=\"elementor-element elementor-element-79b020e e-flex e-con-boxed e-con e-parent\" data-id=\"79b020e\" data-element_type=\"container\" data-settings=\"{&quot;content_width&quot;:&quot;boxed&quot;}\" data-core-v316-plus=\"true\">\n\t\t\t\t\t<div class=\"e-con-inner\">\n\t\t<div class=\"elementor-element elementor-element-927db64 e-con-full e-flex e-con e-child\" data-id=\"927db64\" data-element_type=\"container\" data-settings=\"{&quot;content_width&quot;:&quot;full&quot;}\">\n\t\t\t\t<div class=\"elementor-element elementor-element-7829c90 elementor-invisible elementor-widget elementor-widget-image\" data-id=\"7829c90\" data-element_type=\"widget\" data-settings=\"{&quot;_animation&quot;:&quot;fadeInUp&quot;}\" data-widget_type=\"image.default\">\n\t\t\t\t<div class=\"elementor-widget-container\">\n\t\t\t\t\t\t\t\t\t\t\t\t\t\t\t<img decoding=\"async\" width=\"1024\" height=\"640\" src=\"https:\/\/nusica.fr\/wp-content\/uploads\/2024\/01\/vecteezy_business-meeting-team-conference-in-office-room-flat_20811041-1024x640.jpg\" class=\"attachment-large size-large wp-image-314\" alt=\"\" srcset=\"https:\/\/nusica.fr\/wp-content\/uploads\/2024\/01\/vecteezy_business-meeting-team-conference-in-office-room-flat_20811041-1024x640.jpg 1024w, https:\/\/nusica.fr\/wp-content\/uploads\/2024\/01\/vecteezy_business-meeting-team-conference-in-office-room-flat_20811041-300x188.jpg 300w, https:\/\/nusica.fr\/wp-content\/uploads\/2024\/01\/vecteezy_business-meeting-team-conference-in-office-room-flat_20811041-768x480.jpg 768w, https:\/\/nusica.fr\/wp-content\/uploads\/2024\/01\/vecteezy_business-meeting-team-conference-in-office-room-flat_20811041-1536x960.jpg 1536w, https:\/\/nusica.fr\/wp-content\/uploads\/2024\/01\/vecteezy_business-meeting-team-conference-in-office-room-flat_20811041.jpg 1920w\" sizes=\"(max-width: 1024px) 100vw, 1024px\" \/>\t\t\t\t\t\t\t\t\t\t\t\t\t\t\t<\/div>\n\t\t\t\t<\/div>\n\t\t\t\t<\/div>\n\t\t<div class=\"elementor-element elementor-element-abaf528 e-con-full e-flex e-con e-child\" data-id=\"abaf528\" data-element_type=\"container\" data-settings=\"{&quot;content_width&quot;:&quot;full&quot;}\">\n\t\t\t\t<div class=\"elementor-element elementor-element-b93b014 elementor-invisible elementor-widget elementor-widget-heading\" data-id=\"b93b014\" data-element_type=\"widget\" data-settings=\"{&quot;_animation&quot;:&quot;fadeInUp&quot;}\" data-widget_type=\"heading.default\">\n\t\t\t\t<div class=\"elementor-widget-container\">\n\t\t\t<h2 class=\"elementor-heading-title elementor-size-default\">Dans une d\u00e9marche de partage et de collaboration<\/h2>\t\t<\/div>\n\t\t\t\t<\/div>\n\t\t\t\t<div class=\"elementor-element elementor-element-03002ed elementor-invisible elementor-widget elementor-widget-text-editor\" data-id=\"03002ed\" data-element_type=\"widget\" data-settings=\"{&quot;_animation&quot;:&quot;fadeInUp&quot;}\" data-widget_type=\"text-editor.default\">\n\t\t\t\t<div class=\"elementor-widget-container\">\n\t\t\t\t\t\t\t<ul><li>Nos objectifs sont:<ul><li><strong>\u00a0 d\u2019acc\u00e9l\u00e9rer<\/strong>\u00a0la mise en place de votre projet de Syst\u00e8me de Management de l\u2019Energie<\/li><li>\u00a0 de vous donner les <strong>clefs<\/strong>\u00a0pour d\u00e9cider des \u00e9diteurs \u00e0 mettre en concurrence en vous faisant gagner 2 \u00e0 4 mois d\u2019\u00e9tudes comparatives<\/li><li>\u00a0 de vous permettre de <strong>s\u00e9curiser<\/strong>\u00a0votre shortlist de fa\u00e7on rigoureuse et objective<\/li><li>\u00a0 de <strong>partager<\/strong> vos retours pour en faire profiter d\u2019autres structures<\/li><li>\u00a0 de <strong>challenger<\/strong> les \u00e9diteurs sur leurs outils dans une logique de progr\u00e8s, de qualit\u00e9 et d\u2019am\u00e9lioration continue<\/li><\/ul><\/li><li>Nos valeurs sont:\u00a0<strong>transparence<\/strong>,\u00a0<strong>rigueur<\/strong>,\u00a0<strong>objectivit\u00e9<\/strong>,\u00a0<strong>partage et collaboration<\/strong>.<\/li><li>Nusica est\u00a0<b>totalement ind\u00e9pendant<\/b>\u00a0et n\u2019a sign\u00e9 aucun partenariat avec quelque \u00e9diteur que ce soit.<\/li><\/ul>\t\t\t\t\t\t<\/div>\n\t\t\t\t<\/div>\n\t\t\t\t<\/div>\n\t\t\t\t\t<\/div>\n\t\t\t\t<\/div>\n\t\t\t\t\t\t\t<\/div>\n\t\t","protected":false},"excerpt":{"rendered":"<p>Gagnez 2 \u00e0 4 mois dans votre appel d&#8217;offre logiciel et s\u00e9curisez votre choix L\u2019installation d\u2019un logiciel de type EMS (Energy Monitoring System) est un incontournable pour suivre et ma\u00eetriser ses consommations \u00e9nerg\u00e9tiques Le choix de son EMS est cl\u00e9. L\u2019objectif est de s\u00e9lectionner l\u2019EMS le mieux adapt\u00e9 \u00e0 son projet et de le maintenir [&hellip;]<\/p>\n","protected":false},"author":1,"featured_media":0,"parent":0,"menu_order":0,"comment_status":"closed","ping_status":"closed","template":"","meta":{"ocean_post_layout":"","ocean_both_sidebars_style":"","ocean_both_sidebars_content_width":0,"ocean_both_sidebars_sidebars_width":0,"ocean_sidebar":"","ocean_second_sidebar":"","ocean_disable_margins":"enable","ocean_add_body_class":"","ocean_shortcode_before_top_bar":"","ocean_shortcode_after_top_bar":"","ocean_shortcode_before_header":"","ocean_shortcode_after_header":"","ocean_has_shortcode":"","ocean_shortcode_after_title":"","ocean_shortcode_before_footer_widgets":"","ocean_shortcode_after_footer_widgets":"","ocean_shortcode_before_footer_bottom":"","ocean_shortcode_after_footer_bottom":"","ocean_display_top_bar":"default","ocean_display_header":"default","ocean_header_style":"","ocean_center_header_left_menu":"","ocean_custom_header_template":"","ocean_custom_logo":0,"ocean_custom_retina_logo":0,"ocean_custom_logo_max_width":0,"ocean_custom_logo_tablet_max_width":0,"ocean_custom_logo_mobile_max_width":0,"ocean_custom_logo_max_height":0,"ocean_custom_logo_tablet_max_height":0,"ocean_custom_logo_mobile_max_height":0,"ocean_header_custom_menu":"","ocean_menu_typo_font_family":"","ocean_menu_typo_font_subset":"","ocean_menu_typo_font_size":0,"ocean_menu_typo_font_size_tablet":0,"ocean_menu_typo_font_size_mobile":0,"ocean_menu_typo_font_size_unit":"px","ocean_menu_typo_font_weight":"","ocean_menu_typo_font_weight_tablet":"","ocean_menu_typo_font_weight_mobile":"","ocean_menu_typo_transform":"","ocean_menu_typo_transform_tablet":"","ocean_menu_typo_transform_mobile":"","ocean_menu_typo_line_height":0,"ocean_menu_typo_line_height_tablet":0,"ocean_menu_typo_line_height_mobile":0,"ocean_menu_typo_line_height_unit":"","ocean_menu_typo_spacing":0,"ocean_menu_typo_spacing_tablet":0,"ocean_menu_typo_spacing_mobile":0,"ocean_menu_typo_spacing_unit":"","ocean_menu_link_color":"","ocean_menu_link_color_hover":"","ocean_menu_link_color_active":"","ocean_menu_link_background":"","ocean_menu_link_hover_background":"","ocean_menu_link_active_background":"","ocean_menu_social_links_bg":"","ocean_menu_social_hover_links_bg":"","ocean_menu_social_links_color":"","ocean_menu_social_hover_links_color":"","ocean_disable_title":"on","ocean_disable_heading":"default","ocean_post_title":"","ocean_post_subheading":"","ocean_post_title_style":"","ocean_post_title_background_color":"","ocean_post_title_background":0,"ocean_post_title_bg_image_position":"","ocean_post_title_bg_image_attachment":"","ocean_post_title_bg_image_repeat":"","ocean_post_title_bg_image_size":"","ocean_post_title_height":0,"ocean_post_title_bg_overlay":0.5,"ocean_post_title_bg_overlay_color":"","ocean_disable_breadcrumbs":"default","ocean_breadcrumbs_color":"","ocean_breadcrumbs_separator_color":"","ocean_breadcrumbs_links_color":"","ocean_breadcrumbs_links_hover_color":"","ocean_display_footer_widgets":"default","ocean_display_footer_bottom":"default","ocean_custom_footer_template":"","footnotes":""},"class_list":["post-85","page","type-page","status-publish","hentry","entry"],"yoast_head":"<!-- This site is optimized with the Yoast SEO plugin v21.9.1 - https:\/\/yoast.com\/wordpress\/plugins\/seo\/ -->\n<title>D\u00e9marche - Nusica<\/title>\n<meta name=\"robots\" content=\"index, follow, max-snippet:-1, max-image-preview:large, max-video-preview:-1\" \/>\n<link rel=\"canonical\" href=\"https:\/\/nusica.fr\/index.php\/les-enjeux\/\" \/>\n<meta property=\"og:locale\" content=\"en_US\" \/>\n<meta property=\"og:type\" content=\"article\" \/>\n<meta property=\"og:title\" content=\"D\u00e9marche - Nusica\" \/>\n<meta property=\"og:description\" content=\"Gagnez 2 \u00e0 4 mois dans votre appel d&#8217;offre logiciel et s\u00e9curisez votre choix L\u2019installation d\u2019un logiciel de type EMS (Energy Monitoring System) est un incontournable pour suivre et ma\u00eetriser ses consommations \u00e9nerg\u00e9tiques Le choix de son EMS est cl\u00e9. L\u2019objectif est de s\u00e9lectionner l\u2019EMS le mieux adapt\u00e9 \u00e0 son projet et de le maintenir [&hellip;]\" \/>\n<meta property=\"og:url\" content=\"https:\/\/nusica.fr\/index.php\/les-enjeux\/\" \/>\n<meta property=\"og:site_name\" content=\"Nusica\" \/>\n<meta property=\"article:modified_time\" content=\"2024-01-27T11:59:52+00:00\" \/>\n<meta property=\"og:image\" content=\"http:\/\/nusica.fr\/wp-content\/uploads\/2024\/01\/enjeux2-2.png\" \/>\n<meta name=\"twitter:card\" content=\"summary_large_image\" \/>\n<meta name=\"twitter:label1\" content=\"Est. reading time\" \/>\n\t<meta name=\"twitter:data1\" content=\"2 minutes\" \/>\n<script type=\"application\/ld+json\" class=\"yoast-schema-graph\">{\"@context\":\"https:\/\/schema.org\",\"@graph\":[{\"@type\":\"WebPage\",\"@id\":\"https:\/\/nusica.fr\/index.php\/les-enjeux\/\",\"url\":\"https:\/\/nusica.fr\/index.php\/les-enjeux\/\",\"name\":\"D\u00e9marche - Nusica\",\"isPartOf\":{\"@id\":\"https:\/\/nusica.fr\/#website\"},\"datePublished\":\"2024-01-15T14:36:40+00:00\",\"dateModified\":\"2024-01-27T11:59:52+00:00\",\"breadcrumb\":{\"@id\":\"https:\/\/nusica.fr\/index.php\/les-enjeux\/#breadcrumb\"},\"inLanguage\":\"en-US\",\"potentialAction\":[{\"@type\":\"ReadAction\",\"target\":[\"https:\/\/nusica.fr\/index.php\/les-enjeux\/\"]}]},{\"@type\":\"BreadcrumbList\",\"@id\":\"https:\/\/nusica.fr\/index.php\/les-enjeux\/#breadcrumb\",\"itemListElement\":[{\"@type\":\"ListItem\",\"position\":1,\"name\":\"Accueil\",\"item\":\"https:\/\/nusica.fr\/\"},{\"@type\":\"ListItem\",\"position\":2,\"name\":\"D\u00e9marche\"}]},{\"@type\":\"WebSite\",\"@id\":\"https:\/\/nusica.fr\/#website\",\"url\":\"https:\/\/nusica.fr\/\",\"name\":\"Nusica\",\"description\":\"Choisir son EMS\",\"publisher\":{\"@id\":\"https:\/\/nusica.fr\/#organization\"},\"potentialAction\":[{\"@type\":\"SearchAction\",\"target\":{\"@type\":\"EntryPoint\",\"urlTemplate\":\"https:\/\/nusica.fr\/?s={search_term_string}\"},\"query-input\":\"required name=search_term_string\"}],\"inLanguage\":\"en-US\"},{\"@type\":\"Organization\",\"@id\":\"https:\/\/nusica.fr\/#organization\",\"name\":\"Nusica\",\"url\":\"https:\/\/nusica.fr\/\",\"logo\":{\"@type\":\"ImageObject\",\"inLanguage\":\"en-US\",\"@id\":\"https:\/\/nusica.fr\/#\/schema\/logo\/image\/\",\"url\":\"https:\/\/nusica.fr\/wp-content\/uploads\/2024\/01\/cropped-logo-transparent-petit.png\",\"contentUrl\":\"https:\/\/nusica.fr\/wp-content\/uploads\/2024\/01\/cropped-logo-transparent-petit.png\",\"width\":144,\"height\":48,\"caption\":\"Nusica\"},\"image\":{\"@id\":\"https:\/\/nusica.fr\/#\/schema\/logo\/image\/\"}}]}<\/script>\n<!-- \/ Yoast SEO plugin. -->","yoast_head_json":{"title":"D\u00e9marche - Nusica","robots":{"index":"index","follow":"follow","max-snippet":"max-snippet:-1","max-image-preview":"max-image-preview:large","max-video-preview":"max-video-preview:-1"},"canonical":"https:\/\/nusica.fr\/index.php\/les-enjeux\/","og_locale":"en_US","og_type":"article","og_title":"D\u00e9marche - Nusica","og_description":"Gagnez 2 \u00e0 4 mois dans votre appel d&#8217;offre logiciel et s\u00e9curisez votre choix L\u2019installation d\u2019un logiciel de type EMS (Energy Monitoring System) est un incontournable pour suivre et ma\u00eetriser ses consommations \u00e9nerg\u00e9tiques Le choix de son EMS est cl\u00e9. L\u2019objectif est de s\u00e9lectionner l\u2019EMS le mieux adapt\u00e9 \u00e0 son projet et de le maintenir [&hellip;]","og_url":"https:\/\/nusica.fr\/index.php\/les-enjeux\/","og_site_name":"Nusica","article_modified_time":"2024-01-27T11:59:52+00:00","og_image":[{"url":"http:\/\/nusica.fr\/wp-content\/uploads\/2024\/01\/enjeux2-2.png"}],"twitter_card":"summary_large_image","twitter_misc":{"Est. reading time":"2 minutes"},"schema":{"@context":"https:\/\/schema.org","@graph":[{"@type":"WebPage","@id":"https:\/\/nusica.fr\/index.php\/les-enjeux\/","url":"https:\/\/nusica.fr\/index.php\/les-enjeux\/","name":"D\u00e9marche - Nusica","isPartOf":{"@id":"https:\/\/nusica.fr\/#website"},"datePublished":"2024-01-15T14:36:40+00:00","dateModified":"2024-01-27T11:59:52+00:00","breadcrumb":{"@id":"https:\/\/nusica.fr\/index.php\/les-enjeux\/#breadcrumb"},"inLanguage":"en-US","potentialAction":[{"@type":"ReadAction","target":["https:\/\/nusica.fr\/index.php\/les-enjeux\/"]}]},{"@type":"BreadcrumbList","@id":"https:\/\/nusica.fr\/index.php\/les-enjeux\/#breadcrumb","itemListElement":[{"@type":"ListItem","position":1,"name":"Accueil","item":"https:\/\/nusica.fr\/"},{"@type":"ListItem","position":2,"name":"D\u00e9marche"}]},{"@type":"WebSite","@id":"https:\/\/nusica.fr\/#website","url":"https:\/\/nusica.fr\/","name":"Nusica","description":"Choisir son EMS","publisher":{"@id":"https:\/\/nusica.fr\/#organization"},"potentialAction":[{"@type":"SearchAction","target":{"@type":"EntryPoint","urlTemplate":"https:\/\/nusica.fr\/?s={search_term_string}"},"query-input":"required name=search_term_string"}],"inLanguage":"en-US"},{"@type":"Organization","@id":"https:\/\/nusica.fr\/#organization","name":"Nusica","url":"https:\/\/nusica.fr\/","logo":{"@type":"ImageObject","inLanguage":"en-US","@id":"https:\/\/nusica.fr\/#\/schema\/logo\/image\/","url":"https:\/\/nusica.fr\/wp-content\/uploads\/2024\/01\/cropped-logo-transparent-petit.png","contentUrl":"https:\/\/nusica.fr\/wp-content\/uploads\/2024\/01\/cropped-logo-transparent-petit.png","width":144,"height":48,"caption":"Nusica"},"image":{"@id":"https:\/\/nusica.fr\/#\/schema\/logo\/image\/"}}]}},"_links":{"self":[{"href":"https:\/\/nusica.fr\/index.php\/wp-json\/wp\/v2\/pages\/85","targetHints":{"allow":["GET"]}}],"collection":[{"href":"https:\/\/nusica.fr\/index.php\/wp-json\/wp\/v2\/pages"}],"about":[{"href":"https:\/\/nusica.fr\/index.php\/wp-json\/wp\/v2\/types\/page"}],"author":[{"embeddable":true,"href":"https:\/\/nusica.fr\/index.php\/wp-json\/wp\/v2\/users\/1"}],"replies":[{"embeddable":true,"href":"https:\/\/nusica.fr\/index.php\/wp-json\/wp\/v2\/comments?post=85"}],"version-history":[{"count":102,"href":"https:\/\/nusica.fr\/index.php\/wp-json\/wp\/v2\/pages\/85\/revisions"}],"predecessor-version":[{"id":782,"href":"https:\/\/nusica.fr\/index.php\/wp-json\/wp\/v2\/pages\/85\/revisions\/782"}],"wp:attachment":[{"href":"https:\/\/nusica.fr\/index.php\/wp-json\/wp\/v2\/media?parent=85"}],"curies":[{"name":"wp","href":"https:\/\/api.w.org\/{rel}","templated":true}]}}