{"id":93,"date":"2024-01-15T15:42:46","date_gmt":"2024-01-15T14:42:46","guid":{"rendered":"https:\/\/nusica.fr\/?page_id=93"},"modified":"2024-01-28T18:02:12","modified_gmt":"2024-01-28T17:02:12","slug":"accueil-nusica","status":"publish","type":"page","link":"https:\/\/nusica.fr\/","title":{"rendered":"Acc\u00e9l\u00e9rez !"},"content":{"rendered":"\t\t<div data-elementor-type=\"wp-page\" data-elementor-id=\"93\" class=\"elementor elementor-93\">\n\t\t\t\t\t\t\t<div class=\"elementor-element elementor-element-ba3afb6 e-flex e-con-boxed e-con e-parent\" data-id=\"ba3afb6\" data-element_type=\"container\" data-settings=\"{&quot;content_width&quot;:&quot;boxed&quot;}\" data-core-v316-plus=\"true\">\n\t\t\t\t\t<div class=\"e-con-inner\">\n\t\t<div class=\"elementor-element elementor-element-abe9f47 e-con-full e-flex e-con e-child\" data-id=\"abe9f47\" data-element_type=\"container\" data-settings=\"{&quot;content_width&quot;:&quot;full&quot;}\">\n\t\t\t\t<div class=\"elementor-element elementor-element-a1ca627 elementor-widget elementor-widget-heading\" data-id=\"a1ca627\" data-element_type=\"widget\" data-widget_type=\"heading.default\">\n\t\t\t\t<div class=\"elementor-widget-container\">\n\t\t\t<style>\/*! elementor - v3.18.0 - 20-12-2023 *\/\n.elementor-heading-title{padding:0;margin:0;line-height:1}.elementor-widget-heading .elementor-heading-title[class*=elementor-size-]>a{color:inherit;font-size:inherit;line-height:inherit}.elementor-widget-heading .elementor-heading-title.elementor-size-small{font-size:15px}.elementor-widget-heading .elementor-heading-title.elementor-size-medium{font-size:19px}.elementor-widget-heading .elementor-heading-title.elementor-size-large{font-size:29px}.elementor-widget-heading .elementor-heading-title.elementor-size-xl{font-size:39px}.elementor-widget-heading .elementor-heading-title.elementor-size-xxl{font-size:59px}<\/style><h2 class=\"elementor-heading-title elementor-size-default\">Quels logiciels de Gestion de l'Energie (EMS) s\u00e9lectionner pour mon appel d'offre ?<\/h2>\t\t<\/div>\n\t\t\t\t<\/div>\n\t\t\t\t<div class=\"elementor-element elementor-element-55bedce animated-slow elementor-invisible elementor-widget elementor-widget-text-editor\" data-id=\"55bedce\" data-element_type=\"widget\" data-settings=\"{&quot;_animation&quot;:&quot;fadeInLeft&quot;,&quot;_animation_delay&quot;:800}\" data-widget_type=\"text-editor.default\">\n\t\t\t\t<div class=\"elementor-widget-container\">\n\t\t\t<style>\/*! elementor - v3.18.0 - 20-12-2023 *\/\n.elementor-widget-text-editor.elementor-drop-cap-view-stacked .elementor-drop-cap{background-color:#69727d;color:#fff}.elementor-widget-text-editor.elementor-drop-cap-view-framed .elementor-drop-cap{color:#69727d;border:3px solid;background-color:transparent}.elementor-widget-text-editor:not(.elementor-drop-cap-view-default) .elementor-drop-cap{margin-top:8px}.elementor-widget-text-editor:not(.elementor-drop-cap-view-default) .elementor-drop-cap-letter{width:1em;height:1em}.elementor-widget-text-editor .elementor-drop-cap{float:left;text-align:center;line-height:1;font-size:50px}.elementor-widget-text-editor .elementor-drop-cap-letter{display:inline-block}<\/style>\t\t\t\t<ul><li><p>Vous avez d\u00e9cid\u00e9 de mettre en place un Syst\u00e8me de Management de l\u2019Energie type ISO 50001<\/p><\/li><li><p>Vous avez besoin d\u2019un logiciel adapt\u00e9 pour suivre vos consommations \u00e9nerg\u00e9tiques<\/p><\/li><li><p>Vous ne savez pas quels \u00e9diteurs contacter pour votre appel d\u2019offre<\/p><\/li><\/ul>\t\t\t\t\t\t<\/div>\n\t\t\t\t<\/div>\n\t\t\t\t<div class=\"elementor-element elementor-element-77ff034 elementor-invisible elementor-widget elementor-widget-heading\" data-id=\"77ff034\" data-element_type=\"widget\" data-settings=\"{&quot;_animation&quot;:&quot;fadeInUp&quot;,&quot;_animation_delay&quot;:3000}\" data-widget_type=\"heading.default\">\n\t\t\t\t<div class=\"elementor-widget-container\">\n\t\t\t<h2 class=\"elementor-heading-title elementor-size-default\">Nous vous aidons \u00e0 pr\u00e9-s\u00e9lectionner les EMS du march\u00e9 adapt\u00e9s \u00e0 votre Projet<\/h2>\t\t<\/div>\n\t\t\t\t<\/div>\n\t\t\t\t<div class=\"elementor-element elementor-element-0904578 elementor-widget elementor-widget-spacer\" data-id=\"0904578\" data-element_type=\"widget\" data-widget_type=\"spacer.default\">\n\t\t\t\t<div class=\"elementor-widget-container\">\n\t\t\t<style>\/*! elementor - v3.18.0 - 20-12-2023 *\/\n.elementor-column .elementor-spacer-inner{height:var(--spacer-size)}.e-con{--container-widget-width:100%}.e-con-inner>.elementor-widget-spacer,.e-con>.elementor-widget-spacer{width:var(--container-widget-width,var(--spacer-size));--align-self:var(--container-widget-align-self,initial);--flex-shrink:0}.e-con-inner>.elementor-widget-spacer>.elementor-widget-container,.e-con>.elementor-widget-spacer>.elementor-widget-container{height:100%;width:100%}.e-con-inner>.elementor-widget-spacer>.elementor-widget-container>.elementor-spacer,.e-con>.elementor-widget-spacer>.elementor-widget-container>.elementor-spacer{height:100%}.e-con-inner>.elementor-widget-spacer>.elementor-widget-container>.elementor-spacer>.elementor-spacer-inner,.e-con>.elementor-widget-spacer>.elementor-widget-container>.elementor-spacer>.elementor-spacer-inner{height:var(--container-widget-height,var(--spacer-size))}.e-con-inner>.elementor-widget-spacer.elementor-widget-empty,.e-con>.elementor-widget-spacer.elementor-widget-empty{position:relative;min-height:22px;min-width:22px}.e-con-inner>.elementor-widget-spacer.elementor-widget-empty .elementor-widget-empty-icon,.e-con>.elementor-widget-spacer.elementor-widget-empty .elementor-widget-empty-icon{position:absolute;top:0;bottom:0;left:0;right:0;margin:auto;padding:0;width:22px;height:22px}<\/style>\t\t<div class=\"elementor-spacer\">\n\t\t\t<div class=\"elementor-spacer-inner\"><\/div>\n\t\t<\/div>\n\t\t\t\t<\/div>\n\t\t\t\t<\/div>\n\t\t\t\t<div class=\"elementor-element elementor-element-c5c7660 elementor-align-center elementor-widget__width-initial elementor-invisible elementor-widget elementor-widget-button\" data-id=\"c5c7660\" data-element_type=\"widget\" data-settings=\"{&quot;_animation&quot;:&quot;fadeInUp&quot;,&quot;_animation_delay&quot;:4000}\" data-widget_type=\"button.default\">\n\t\t\t\t<div class=\"elementor-widget-container\">\n\t\t\t\t\t<div class=\"elementor-button-wrapper\">\n\t\t\t<a class=\"elementor-button elementor-button-link elementor-size-sm\" href=\"https:\/\/nusica.fr\/index.php\/notre-offre\/\">\n\t\t\t\t\t\t<span class=\"elementor-button-content-wrapper\">\n\t\t\t\t\t\t<span class=\"elementor-button-text\">D\u00e9couvrir l'offre<\/span>\n\t\t<\/span>\n\t\t\t\t\t<\/a>\n\t\t<\/div>\n\t\t\t\t<\/div>\n\t\t\t\t<\/div>\n\t\t\t\t<\/div>\n\t\t<div class=\"elementor-element elementor-element-401f32a e-con-full e-flex e-con e-child\" data-id=\"401f32a\" data-element_type=\"container\" data-settings=\"{&quot;content_width&quot;:&quot;full&quot;}\">\n\t\t\t\t<div class=\"elementor-element elementor-element-1043158 elementor-widget elementor-widget-image\" data-id=\"1043158\" data-element_type=\"widget\" data-widget_type=\"image.default\">\n\t\t\t\t<div class=\"elementor-widget-container\">\n\t\t\t<style>\/*! elementor - v3.18.0 - 20-12-2023 *\/\n.elementor-widget-image{text-align:center}.elementor-widget-image a{display:inline-block}.elementor-widget-image a img[src$=\".svg\"]{width:48px}.elementor-widget-image img{vertical-align:middle;display:inline-block}<\/style>\t\t\t\t\t\t\t\t\t\t\t\t<img fetchpriority=\"high\" decoding=\"async\" width=\"842\" height=\"870\" src=\"https:\/\/nusica.fr\/wp-content\/uploads\/2024\/01\/picto-quel-EMS-choisir-4.png\" class=\"attachment-large size-large wp-image-702\" alt=\"\" srcset=\"https:\/\/nusica.fr\/wp-content\/uploads\/2024\/01\/picto-quel-EMS-choisir-4.png 842w, https:\/\/nusica.fr\/wp-content\/uploads\/2024\/01\/picto-quel-EMS-choisir-4-290x300.png 290w, https:\/\/nusica.fr\/wp-content\/uploads\/2024\/01\/picto-quel-EMS-choisir-4-768x794.png 768w\" sizes=\"(max-width: 842px) 100vw, 842px\" \/>\t\t\t\t\t\t\t\t\t\t\t\t\t\t\t<\/div>\n\t\t\t\t<\/div>\n\t\t\t\t<\/div>\n\t\t\t\t\t<\/div>\n\t\t\t\t<\/div>\n\t\t\t\t\t\t\t<\/div>\n\t\t","protected":false},"excerpt":{"rendered":"<p>Quels logiciels de Gestion de l&#8217;Energie (EMS) s\u00e9lectionner pour mon appel d&#8217;offre ? Vous avez d\u00e9cid\u00e9 de mettre en place un Syst\u00e8me de Management de l\u2019Energie type ISO 50001 Vous avez besoin d\u2019un logiciel adapt\u00e9 pour suivre vos consommations \u00e9nerg\u00e9tiques Vous ne savez pas quels \u00e9diteurs contacter pour votre appel d\u2019offre Nous vous aidons \u00e0 [&hellip;]<\/p>\n","protected":false},"author":1,"featured_media":0,"parent":0,"menu_order":0,"comment_status":"closed","ping_status":"closed","template":"","meta":{"ocean_post_layout":"","ocean_both_sidebars_style":"","ocean_both_sidebars_content_width":0,"ocean_both_sidebars_sidebars_width":0,"ocean_sidebar":"","ocean_second_sidebar":"","ocean_disable_margins":"enable","ocean_add_body_class":"","ocean_shortcode_before_top_bar":"","ocean_shortcode_after_top_bar":"","ocean_shortcode_before_header":"","ocean_shortcode_after_header":"","ocean_has_shortcode":"","ocean_shortcode_after_title":"","ocean_shortcode_before_footer_widgets":"","ocean_shortcode_after_footer_widgets":"","ocean_shortcode_before_footer_bottom":"","ocean_shortcode_after_footer_bottom":"","ocean_display_top_bar":"off","ocean_display_header":"on","ocean_header_style":"","ocean_center_header_left_menu":"","ocean_custom_header_template":"","ocean_custom_logo":0,"ocean_custom_retina_logo":0,"ocean_custom_logo_max_width":0,"ocean_custom_logo_tablet_max_width":0,"ocean_custom_logo_mobile_max_width":0,"ocean_custom_logo_max_height":0,"ocean_custom_logo_tablet_max_height":0,"ocean_custom_logo_mobile_max_height":0,"ocean_header_custom_menu":"","ocean_menu_typo_font_family":"","ocean_menu_typo_font_subset":"","ocean_menu_typo_font_size":0,"ocean_menu_typo_font_size_tablet":0,"ocean_menu_typo_font_size_mobile":0,"ocean_menu_typo_font_size_unit":"px","ocean_menu_typo_font_weight":"","ocean_menu_typo_font_weight_tablet":"","ocean_menu_typo_font_weight_mobile":"","ocean_menu_typo_transform":"","ocean_menu_typo_transform_tablet":"","ocean_menu_typo_transform_mobile":"","ocean_menu_typo_line_height":0,"ocean_menu_typo_line_height_tablet":0,"ocean_menu_typo_line_height_mobile":0,"ocean_menu_typo_line_height_unit":"","ocean_menu_typo_spacing":0,"ocean_menu_typo_spacing_tablet":0,"ocean_menu_typo_spacing_mobile":0,"ocean_menu_typo_spacing_unit":"","ocean_menu_link_color":"","ocean_menu_link_color_hover":"","ocean_menu_link_color_active":"","ocean_menu_link_background":"","ocean_menu_link_hover_background":"","ocean_menu_link_active_background":"","ocean_menu_social_links_bg":"","ocean_menu_social_hover_links_bg":"","ocean_menu_social_links_color":"","ocean_menu_social_hover_links_color":"","ocean_disable_title":"on","ocean_disable_heading":"default","ocean_post_title":"","ocean_post_subheading":"","ocean_post_title_style":"","ocean_post_title_background_color":"","ocean_post_title_background":0,"ocean_post_title_bg_image_position":"","ocean_post_title_bg_image_attachment":"","ocean_post_title_bg_image_repeat":"","ocean_post_title_bg_image_size":"","ocean_post_title_height":0,"ocean_post_title_bg_overlay":0.5,"ocean_post_title_bg_overlay_color":"","ocean_disable_breadcrumbs":"default","ocean_breadcrumbs_color":"","ocean_breadcrumbs_separator_color":"","ocean_breadcrumbs_links_color":"","ocean_breadcrumbs_links_hover_color":"","ocean_display_footer_widgets":"default","ocean_display_footer_bottom":"default","ocean_custom_footer_template":"","footnotes":""},"class_list":["post-93","page","type-page","status-publish","hentry","entry"],"yoast_head":"<!-- This site is optimized with the Yoast SEO plugin v21.9.1 - https:\/\/yoast.com\/wordpress\/plugins\/seo\/ -->\n<title>Acc\u00e9l\u00e9rez ! - Nusica<\/title>\n<meta name=\"description\" content=\"Nusica vous accompagne dans la mise en place de votre Syst\u00e8me de Management de l&#039;Energie. Nous avons conduit une \u00e9tude de march\u00e9 des logiciels EMS pour vous permettre de conduire votre appel d&#039;offre logiciel avec les \u00e9diteurs le mieux adapt\u00e9s \u00e0 votre projet.\" \/>\n<meta name=\"robots\" content=\"index, follow, max-snippet:-1, max-image-preview:large, max-video-preview:-1\" \/>\n<link rel=\"canonical\" href=\"https:\/\/nusica.fr\/\" \/>\n<meta property=\"og:locale\" content=\"en_US\" \/>\n<meta property=\"og:type\" content=\"article\" \/>\n<meta property=\"og:title\" content=\"Acc\u00e9l\u00e9rez ! - Nusica\" \/>\n<meta property=\"og:description\" content=\"Nusica vous accompagne dans la mise en place de votre Syst\u00e8me de Management de l&#039;Energie. Nous avons conduit une \u00e9tude de march\u00e9 des logiciels EMS pour vous permettre de conduire votre appel d&#039;offre logiciel avec les \u00e9diteurs le mieux adapt\u00e9s \u00e0 votre projet.\" \/>\n<meta property=\"og:url\" content=\"https:\/\/nusica.fr\/\" \/>\n<meta property=\"og:site_name\" content=\"Nusica\" \/>\n<meta property=\"article:modified_time\" content=\"2024-01-28T17:02:12+00:00\" \/>\n<meta property=\"og:image\" content=\"http:\/\/nusica.fr\/wp-content\/uploads\/2024\/01\/picto-quel-EMS-choisir-4.png\" \/>\n<meta name=\"twitter:card\" content=\"summary_large_image\" \/>\n<meta name=\"twitter:label1\" content=\"Est. reading time\" \/>\n\t<meta name=\"twitter:data1\" content=\"1 minute\" \/>\n<script type=\"application\/ld+json\" class=\"yoast-schema-graph\">{\"@context\":\"https:\/\/schema.org\",\"@graph\":[{\"@type\":\"WebPage\",\"@id\":\"https:\/\/nusica.fr\/\",\"url\":\"https:\/\/nusica.fr\/\",\"name\":\"Acc\u00e9l\u00e9rez ! - Nusica\",\"isPartOf\":{\"@id\":\"https:\/\/nusica.fr\/#website\"},\"datePublished\":\"2024-01-15T14:42:46+00:00\",\"dateModified\":\"2024-01-28T17:02:12+00:00\",\"description\":\"Nusica vous accompagne dans la mise en place de votre Syst\u00e8me de Management de l'Energie. Nous avons conduit une \u00e9tude de march\u00e9 des logiciels EMS pour vous permettre de conduire votre appel d'offre logiciel avec les \u00e9diteurs le mieux adapt\u00e9s \u00e0 votre projet.\",\"breadcrumb\":{\"@id\":\"https:\/\/nusica.fr\/#breadcrumb\"},\"inLanguage\":\"en-US\",\"potentialAction\":[{\"@type\":\"ReadAction\",\"target\":[\"https:\/\/nusica.fr\/\"]}]},{\"@type\":\"BreadcrumbList\",\"@id\":\"https:\/\/nusica.fr\/#breadcrumb\",\"itemListElement\":[{\"@type\":\"ListItem\",\"position\":1,\"name\":\"Accueil\",\"item\":\"https:\/\/nusica.fr\/\"},{\"@type\":\"ListItem\",\"position\":2,\"name\":\"Acc\u00e9l\u00e9rez !\"}]},{\"@type\":\"WebSite\",\"@id\":\"https:\/\/nusica.fr\/#website\",\"url\":\"https:\/\/nusica.fr\/\",\"name\":\"Nusica\",\"description\":\"Choisir son EMS\",\"publisher\":{\"@id\":\"https:\/\/nusica.fr\/#organization\"},\"potentialAction\":[{\"@type\":\"SearchAction\",\"target\":{\"@type\":\"EntryPoint\",\"urlTemplate\":\"https:\/\/nusica.fr\/?s={search_term_string}\"},\"query-input\":\"required name=search_term_string\"}],\"inLanguage\":\"en-US\"},{\"@type\":\"Organization\",\"@id\":\"https:\/\/nusica.fr\/#organization\",\"name\":\"Nusica\",\"url\":\"https:\/\/nusica.fr\/\",\"logo\":{\"@type\":\"ImageObject\",\"inLanguage\":\"en-US\",\"@id\":\"https:\/\/nusica.fr\/#\/schema\/logo\/image\/\",\"url\":\"https:\/\/nusica.fr\/wp-content\/uploads\/2024\/01\/cropped-logo-transparent-petit.png\",\"contentUrl\":\"https:\/\/nusica.fr\/wp-content\/uploads\/2024\/01\/cropped-logo-transparent-petit.png\",\"width\":144,\"height\":48,\"caption\":\"Nusica\"},\"image\":{\"@id\":\"https:\/\/nusica.fr\/#\/schema\/logo\/image\/\"}}]}<\/script>\n<!-- \/ Yoast SEO plugin. -->","yoast_head_json":{"title":"Acc\u00e9l\u00e9rez ! - Nusica","description":"Nusica vous accompagne dans la mise en place de votre Syst\u00e8me de Management de l'Energie. Nous avons conduit une \u00e9tude de march\u00e9 des logiciels EMS pour vous permettre de conduire votre appel d'offre logiciel avec les \u00e9diteurs le mieux adapt\u00e9s \u00e0 votre projet.","robots":{"index":"index","follow":"follow","max-snippet":"max-snippet:-1","max-image-preview":"max-image-preview:large","max-video-preview":"max-video-preview:-1"},"canonical":"https:\/\/nusica.fr\/","og_locale":"en_US","og_type":"article","og_title":"Acc\u00e9l\u00e9rez ! - Nusica","og_description":"Nusica vous accompagne dans la mise en place de votre Syst\u00e8me de Management de l'Energie. Nous avons conduit une \u00e9tude de march\u00e9 des logiciels EMS pour vous permettre de conduire votre appel d'offre logiciel avec les \u00e9diteurs le mieux adapt\u00e9s \u00e0 votre projet.","og_url":"https:\/\/nusica.fr\/","og_site_name":"Nusica","article_modified_time":"2024-01-28T17:02:12+00:00","og_image":[{"url":"http:\/\/nusica.fr\/wp-content\/uploads\/2024\/01\/picto-quel-EMS-choisir-4.png"}],"twitter_card":"summary_large_image","twitter_misc":{"Est. reading time":"1 minute"},"schema":{"@context":"https:\/\/schema.org","@graph":[{"@type":"WebPage","@id":"https:\/\/nusica.fr\/","url":"https:\/\/nusica.fr\/","name":"Acc\u00e9l\u00e9rez ! - Nusica","isPartOf":{"@id":"https:\/\/nusica.fr\/#website"},"datePublished":"2024-01-15T14:42:46+00:00","dateModified":"2024-01-28T17:02:12+00:00","description":"Nusica vous accompagne dans la mise en place de votre Syst\u00e8me de Management de l'Energie. Nous avons conduit une \u00e9tude de march\u00e9 des logiciels EMS pour vous permettre de conduire votre appel d'offre logiciel avec les \u00e9diteurs le mieux adapt\u00e9s \u00e0 votre projet.","breadcrumb":{"@id":"https:\/\/nusica.fr\/#breadcrumb"},"inLanguage":"en-US","potentialAction":[{"@type":"ReadAction","target":["https:\/\/nusica.fr\/"]}]},{"@type":"BreadcrumbList","@id":"https:\/\/nusica.fr\/#breadcrumb","itemListElement":[{"@type":"ListItem","position":1,"name":"Accueil","item":"https:\/\/nusica.fr\/"},{"@type":"ListItem","position":2,"name":"Acc\u00e9l\u00e9rez !"}]},{"@type":"WebSite","@id":"https:\/\/nusica.fr\/#website","url":"https:\/\/nusica.fr\/","name":"Nusica","description":"Choisir son EMS","publisher":{"@id":"https:\/\/nusica.fr\/#organization"},"potentialAction":[{"@type":"SearchAction","target":{"@type":"EntryPoint","urlTemplate":"https:\/\/nusica.fr\/?s={search_term_string}"},"query-input":"required name=search_term_string"}],"inLanguage":"en-US"},{"@type":"Organization","@id":"https:\/\/nusica.fr\/#organization","name":"Nusica","url":"https:\/\/nusica.fr\/","logo":{"@type":"ImageObject","inLanguage":"en-US","@id":"https:\/\/nusica.fr\/#\/schema\/logo\/image\/","url":"https:\/\/nusica.fr\/wp-content\/uploads\/2024\/01\/cropped-logo-transparent-petit.png","contentUrl":"https:\/\/nusica.fr\/wp-content\/uploads\/2024\/01\/cropped-logo-transparent-petit.png","width":144,"height":48,"caption":"Nusica"},"image":{"@id":"https:\/\/nusica.fr\/#\/schema\/logo\/image\/"}}]}},"_links":{"self":[{"href":"https:\/\/nusica.fr\/index.php\/wp-json\/wp\/v2\/pages\/93","targetHints":{"allow":["GET"]}}],"collection":[{"href":"https:\/\/nusica.fr\/index.php\/wp-json\/wp\/v2\/pages"}],"about":[{"href":"https:\/\/nusica.fr\/index.php\/wp-json\/wp\/v2\/types\/page"}],"author":[{"embeddable":true,"href":"https:\/\/nusica.fr\/index.php\/wp-json\/wp\/v2\/users\/1"}],"replies":[{"embeddable":true,"href":"https:\/\/nusica.fr\/index.php\/wp-json\/wp\/v2\/comments?post=93"}],"version-history":[{"count":186,"href":"https:\/\/nusica.fr\/index.php\/wp-json\/wp\/v2\/pages\/93\/revisions"}],"predecessor-version":[{"id":754,"href":"https:\/\/nusica.fr\/index.php\/wp-json\/wp\/v2\/pages\/93\/revisions\/754"}],"wp:attachment":[{"href":"https:\/\/nusica.fr\/index.php\/wp-json\/wp\/v2\/media?parent=93"}],"curies":[{"name":"wp","href":"https:\/\/api.w.org\/{rel}","templated":true}]}}